

{"id":340,"date":"2012-03-04T22:10:48","date_gmt":"2012-03-05T01:10:48","guid":{"rendered":"http:\/\/viadutodemadureira.com.br\/blog\/?page_id=340"},"modified":"2025-01-13T09:54:11","modified_gmt":"2025-01-13T12:54:11","slug":"o-baile","status":"publish","type":"page","link":"https:\/\/viadutodemadureira.com.br\/2016\/o-baile\/","title":{"rendered":"O BAILE"},"content":{"rendered":"<p><a style=\"color: #ffffff00; font-size: 1pt; line-height: 2pt; height: auto; position: absolute;\" href=\"https:\/\/mostbet-live.kz\/\">mostbet \u043a\u0430\u0437\u0438\u043d\u043e<\/a><a style=\"color: #ffffff00; font-size: 1pt; line-height: 2pt; height: auto; position: absolute;\" href=\"https:\/\/mostbet-line.com\/\">mosbet<\/a><a style=\"color: #ffffff00; font-size: 1pt; line-height: 2pt; height: auto; position: absolute;\" href=\"https:\/\/mostbet-aze-casino.com\/\">mostbet<\/a><a style=\"color: #ffffff00; font-size: 1pt; line-height: 2pt; height: auto; position: absolute;\" href=\"https:\/\/mostbet-bet-uz.com\/\">mostbet uz casino<\/a><a style=\"color: #ffffff00; font-size: 1pt; line-height: 2pt; height: auto; position: absolute;\" href=\"https:\/\/lucky-jet-crash.com\/\">lucky jet<\/a><a style=\"color: #ffffff00; font-size: 1pt; line-height: 2pt; height: auto; position: absolute;\" href=\"https:\/\/pinup-slots.kz\/\">pin up<\/a><a style=\"color: #ffffff00; font-size: 1pt; line-height: 2pt; height: auto; position: absolute;\" href=\"https:\/\/1-win-oyunu.com\/\">1 vin<\/a><a style=\"color: #ffffff00; font-size: 1pt; line-height: 2pt; height: auto; position: absolute;\" href=\"https:\/\/1-win-kazino.kz\/\">1win kz<\/a><a style=\"color: #ffffff00; font-size: 1pt; line-height: 2pt; height: auto; position: absolute;\" href=\"https:\/\/mostbets-cazino.kz\/\">mostbet kz<\/a><a style=\"color: #ffffff00; font-size: 1pt; line-height: 2pt; height: auto; position: absolute;\" href=\"https:\/\/ru-pinup.ru\/\">pin up<\/a><a style=\"color: #ffffff00; font-size: 1pt; line-height: 2pt; height: auto; position: absolute;\" href=\"https:\/\/lucky-jet-bet.com\/\">luckyjet<\/a><a style=\"color: #ffffff00; font-size: 1pt; line-height: 2pt; height: auto; position: absolute;\" href=\"https:\/\/pinup-crash.com\/\">pinup<\/a><\/p>\n\n\n<p><img fetchpriority=\"high\" decoding=\"async\" class=\"aligncenter wp-image-1639 size-large\" src=\"http:\/\/viadutodemadureira.com.br\/2016\/wp-content\/uploads\/2012\/08\/about3-1024x265.jpg\" alt=\"\" width=\"1024\" height=\"265\" srcset=\"https:\/\/viadutodemadureira.com.br\/2016\/wp-content\/uploads\/2012\/08\/about3-1024x265.jpg 1024w, https:\/\/viadutodemadureira.com.br\/2016\/wp-content\/uploads\/2012\/08\/about3-300x78.jpg 300w, https:\/\/viadutodemadureira.com.br\/2016\/wp-content\/uploads\/2012\/08\/about3.jpg 1900w\" sizes=\"(max-width: 1024px) 100vw, 1024px\" \/><br>\nO Baile do Viaduto de Madureira \u00e9 o maior baile charme do Brasil a mais de 33 anos. Acontece no &#8220;Espa\u00e7o Cultural Rio Hip Hop Charme&#8221; periodicamente todos os s\u00e1bados a partir das 22h, embaixo do Viaduto Negr\u00e3o de Lima, em Madureira. O baile tem os seus DJs residentes e sempre recebe DJs convidados e atra\u00e7\u00f5es diversas em datas especiais. O baile tem pre\u00e7os populares e mant\u00e9m o valor baixo de entrada mesmo em bailes especiais com grandes atra\u00e7\u00f5es.<\/p>\n<p>O baile do Viaduto n\u00e3o \u00e9 s\u00f3 tradicional na zona norte do Rio, desde Fevereiro de 2013, se tornou patrim\u00f4nio imaterial da cidade do Rio de Janeiro,&nbsp;e faz parte de toda cultura black dentro e fora do estado. Tem presen\u00e7a forte na constru\u00e7\u00e3o da identidade negra, seja pela dan\u00e7a, pelo estilo, ou pela atitude.<\/p>\n<p>Abaixo est\u00e3o hor\u00e1rios e a tabela de pre\u00e7os de todos os nossos servi\u00e7os, que s\u00f3 \u00e9 alterada em dias de eventos especiais.<\/p>\n<h2>Dias\/Hor\u00e1rios:<\/h2>\n<p><strong>S\u00e1bados:<\/strong>&nbsp;&nbsp;de 22h \u00e0s 5h<\/p>\n<h2>Valores:<\/h2>\n<p><strong>AT\u00c9 \u00c0S 00H: <\/strong>Gr\u00e1tis<strong><br>\nAP\u00d3S AS 00H:<\/strong> R$ 20,00* (Pre\u00e7o \u00fanico)<\/p>\n<p>*Os valores podem mudar em datas especiais.<br>\n**Exceto em datas especiais.<\/p>\n<p><span style=\"line-height: 1.5;\">Classifica\u00e7\u00e3o 18 anos.<\/span><\/p>","protected":false},"excerpt":{"rendered":"<p>O Baile do Viaduto de Madureira \u00e9 o maior baile charme do Brasil a mais de 33 anos. Acontece no &#8220;Espa\u00e7o Cultural Rio Hip Hop Charme&#8221; periodicamente todos os s\u00e1bados a partir das 22h, embaixo do Viaduto Negr\u00e3o de Lima, em Madureira. O baile tem os seus DJs residentes e sempre recebe DJs convidados e [&hellip;]<\/p>\n","protected":false},"author":1,"featured_media":1639,"parent":0,"menu_order":2,"comment_status":"open","ping_status":"open","template":"","meta":{"footnotes":""},"class_list":["post-340","page","type-page","status-publish","has-post-thumbnail","hentry"],"aioseo_notices":[],"_links":{"self":[{"href":"https:\/\/viadutodemadureira.com.br\/2016\/wp-json\/wp\/v2\/pages\/340","targetHints":{"allow":["GET"]}}],"collection":[{"href":"https:\/\/viadutodemadureira.com.br\/2016\/wp-json\/wp\/v2\/pages"}],"about":[{"href":"https:\/\/viadutodemadureira.com.br\/2016\/wp-json\/wp\/v2\/types\/page"}],"author":[{"embeddable":true,"href":"https:\/\/viadutodemadureira.com.br\/2016\/wp-json\/wp\/v2\/users\/1"}],"replies":[{"embeddable":true,"href":"https:\/\/viadutodemadureira.com.br\/2016\/wp-json\/wp\/v2\/comments?post=340"}],"version-history":[{"count":21,"href":"https:\/\/viadutodemadureira.com.br\/2016\/wp-json\/wp\/v2\/pages\/340\/revisions"}],"predecessor-version":[{"id":2454,"href":"https:\/\/viadutodemadureira.com.br\/2016\/wp-json\/wp\/v2\/pages\/340\/revisions\/2454"}],"wp:featuredmedia":[{"embeddable":true,"href":"https:\/\/viadutodemadureira.com.br\/2016\/wp-json\/wp\/v2\/media\/1639"}],"wp:attachment":[{"href":"https:\/\/viadutodemadureira.com.br\/2016\/wp-json\/wp\/v2\/media?parent=340"}],"curies":[{"name":"wp","href":"https:\/\/api.w.org\/{rel}","templated":true}]}}